{"id":4100,"date":"2025-10-17T12:15:13","date_gmt":"2025-10-17T10:15:13","guid":{"rendered":"https:\/\/inspirujmese.eu\/?page_id=4100"},"modified":"2025-11-14T12:22:58","modified_gmt":"2025-11-14T11:22:58","slug":"online-prenos","status":"publish","type":"page","link":"https:\/\/inspirujmese.eu\/cs\/online-prenos\/","title":{"rendered":"ONLINE P\u0158ENOS"},"content":{"rendered":"<p>[et_pb_section fb_built=&#8220;1&#8243; admin_label=&#8220;Header&#8220; _builder_version=&#8220;4.27.4&#8243; _module_preset=&#8220;default&#8220; background_color=&#8220;RGBA(255,255,255,0)&#8220; background_image=&#8220;https:\/\/inspirujmese.eu\/wp-content\/uploads\/2024\/06\/info_poster.webp&#8220; background_size=&#8220;initial&#8220; background_position=&#8220;center_right&#8220; background_horizontal_offset=&#8220;1%&#8220; custom_padding=&#8220;3vh||||false|false&#8220; background_last_edited=&#8220;on|desktop&#8220; background_enable_image_tablet=&#8220;off&#8220; background_enable_image_phone=&#8220;off&#8220; background_size_tablet=&#8220;custom&#8220; background_image_width_tablet=&#8220;20%&#8220; locked=&#8220;off&#8220; collapsed=&#8220;on&#8220; global_colors_info=&#8220;{}&#8220;][et_pb_row _builder_version=&#8220;4.27.4&#8243; _module_preset=&#8220;default&#8220; global_colors_info=&#8220;{}&#8220;][et_pb_column type=&#8220;4_4&#8243; _builder_version=&#8220;4.17.4&#8243; _module_preset=&#8220;default&#8220; global_colors_info=&#8220;{}&#8220;][et_pb_text _builder_version=&#8220;4.27.4&#8243; _module_preset=&#8220;c16985e1-e0d6-4022-964d-e2bfc04fa633&#8243; text_text_color=&#8220;#FFFFFF&#8220; header_font=&#8220;Krona One||||||||&#8220; header_text_color=&#8220;#FFFFFF&#8220; header_font_size=&#8220;72px&#8220; header_line_height=&#8220;1.2em&#8220; header_font_size_tablet=&#8220;40px&#8220; header_font_size_phone=&#8220;24px&#8220; header_font_size_last_edited=&#8220;on|desktop&#8220; content_sk_sk=&#8220;<\/p>\n<h1>Online prenos<\/h1>\n<p>&#8220; global_colors_info=&#8220;{}&#8220;]<\/p>\n<h1>Online p\u0159enos<\/h1>\n<p>[\/et_pb_text][et_pb_text _builder_version=&#8220;4.27.4&#8243; _module_preset=&#8220;4827deed-2a92-4d97-a22f-f01067ae6873&#8243; header_font=&#8220;||||||||&#8220; header_text_color=&#8220;#FFFFFF&#8220; header_4_font=&#8220;Krona One||||||||&#8220; header_4_text_color=&#8220;#FFFFFF&#8220; header_4_line_height=&#8220;1.55em&#8220; custom_margin=&#8220;||0px||false|false&#8220; header_4_font_size_tablet=&#8220;16px&#8220; header_4_font_size_phone=&#8220;14px&#8220; header_4_font_size_last_edited=&#8220;on|tablet&#8220; content_sk_sk=&#8220;<\/p>\n<h4>Brno | 30. &#8211; 31. okt\u00f3ber 2025<\/h4>\n<p>&#8220; locked=&#8220;off&#8220; global_colors_info=&#8220;{}&#8220;]<\/p>\n<h4>Brno | 30. &#8211; 31. \u0159\u00edjna 2025<\/h4>\n<p>[\/et_pb_text][\/et_pb_column][\/et_pb_row][\/et_pb_section][et_pb_section fb_built=&#8220;1&#8243; _builder_version=&#8220;4.27.4&#8243; _module_preset=&#8220;default&#8220; background_color=&#8220;RGBA(255,255,255,0)&#8220; custom_padding=&#8220;0px||||false|false&#8220; global_colors_info=&#8220;{}&#8220;][et_pb_row custom_padding_last_edited=&#8220;on|phone&#8220; _builder_version=&#8220;4.27.4&#8243; _module_preset=&#8220;default&#8220; background_color=&#8220;gcid-secondary-color&#8220; max_width=&#8220;60%&#8220; max_width_tablet=&#8220;80%&#8220; max_width_phone=&#8220;90%&#8220; max_width_last_edited=&#8220;on|desktop&#8220; custom_margin=&#8220;||||false|false&#8220; custom_padding=&#8220;30px|30px|30px|30px|true|true&#8220; custom_padding_tablet=&#8220;30px|30px|30px|30px|true|true&#8220; custom_padding_phone=&#8220;15px|10px|15px|10px|true|true&#8220; global_colors_info=&#8220;{%22gcid-secondary-color%22:%91%22background_color%22%93}&#8220;][et_pb_column type=&#8220;4_4&#8243; _builder_version=&#8220;4.27.4&#8243; _module_preset=&#8220;default&#8220; global_colors_info=&#8220;{}&#8220;][et_pb_text _builder_version=&#8220;4.27.4&#8243; _module_preset=&#8220;default&#8220; header_text_align=&#8220;center&#8220; header_text_color=&#8220;#000000&#8243; header_font_size=&#8220;40px&#8220; custom_margin=&#8220;||0px||false|false&#8220; header_font_size_tablet=&#8220;30px&#8220; header_font_size_phone=&#8220;16px&#8220; header_font_size_last_edited=&#8220;on|phone&#8220; content_sk_sk=&#8220;<\/p>\n<h1>1. DE\u0147 KONFERENCIE<\/h1>\n<p>&#8220; global_colors_info=&#8220;{}&#8220;]<\/p>\n<h1>1. DEN KONFERENCE<\/h1>\n<p>[\/et_pb_text][et_pb_text _builder_version=&#8220;4.27.4&#8243; _module_preset=&#8220;default&#8220; text_font=&#8220;&#8211;et_global_body_font||||||||&#8220; text_text_color=&#8220;#000000&#8243; text_orientation=&#8220;center&#8220; custom_margin=&#8220;||10px||false|false&#8220; hover_enabled=&#8220;0&#8243; text_font_size_tablet=&#8220;&#8220; text_font_size_phone=&#8220;10px&#8220; text_font_size_last_edited=&#8220;on|phone&#8220; content_sk_sk=&#8220;<\/p>\n<p>Online prenos prebiehal 30. 10. 2025 v \u010dase od 10:00 do 17:30<\/p>\n<p>&#8220; global_colors_info=&#8220;{}&#8220; sticky_enabled=&#8220;0&#8243;]<\/p>\n<p>Online p\u0159enos prob\u00edhal 30. 10. 2025 v \u010dase od 10:00 do 17:30<\/p>\n<p>[\/et_pb_text][et_pb_video src=&#8220;https:\/\/www.youtube.com\/watch?v=D2_y3bLIYZs&#8220; image_src=&#8220;https:\/\/inspirujmese.eu\/wp-content\/uploads\/2025\/10\/save_the_date_cz.png&#8220; _builder_version=&#8220;4.27.4&#8243; _module_preset=&#8220;default&#8220; custom_margin=&#8220;||||false|false&#8220; custom_margin_tablet=&#8220;||||false|false&#8220; custom_margin_phone=&#8220;||20px||false|false&#8220; custom_margin_last_edited=&#8220;on|desktop&#8220; hover_enabled=&#8220;0&#8243; global_colors_info=&#8220;{}&#8220; sticky_enabled=&#8220;0&#8243;][\/et_pb_video][et_pb_text _builder_version=&#8220;4.27.4&#8243; _module_preset=&#8220;default&#8220; header_text_align=&#8220;center&#8220; header_text_color=&#8220;#000000&#8243; header_font_size=&#8220;40px&#8220; custom_margin=&#8220;||0px||false|false&#8220; header_font_size_tablet=&#8220;30px&#8220; header_font_size_phone=&#8220;16px&#8220; header_font_size_last_edited=&#8220;on|phone&#8220; content_sk_sk=&#8220;<\/p>\n<h1>2. DE\u0147 KONFERENCIE<\/h1>\n<p>&#8220; global_colors_info=&#8220;{}&#8220;]<\/p>\n<h1>2. DEN KONFERENCE<\/h1>\n<p>[\/et_pb_text][et_pb_text _builder_version=&#8220;4.27.4&#8243; _module_preset=&#8220;default&#8220; text_font=&#8220;&#8211;et_global_body_font||||||||&#8220; text_text_color=&#8220;#000000&#8243; text_orientation=&#8220;center&#8220; custom_margin=&#8220;||10px||false|false&#8220; hover_enabled=&#8220;0&#8243; text_font_size_tablet=&#8220;&#8220; text_font_size_phone=&#8220;10px&#8220; text_font_size_last_edited=&#8220;on|phone&#8220; content_sk_sk=&#8220;<\/p>\n<p>Online prenos prebiehal 31. 10. 2025 v \u010dase od 9:30 do 15:00<\/p>\n<p>&#8220; global_colors_info=&#8220;{}&#8220; sticky_enabled=&#8220;0&#8243;]<\/p>\n<p>Online p\u0159enos prob\u00edhal 31. 10. 2025 v \u010dase od 9:30 do 15:00<\/p>\n<p>[\/et_pb_text][et_pb_video src=&#8220;https:\/\/www.youtube.com\/watch?v=KGAYj0gfhpk&#8220; image_src=&#8220;https:\/\/inspirujmese.eu\/wp-content\/uploads\/2025\/10\/save_the_date_cz.png&#8220; _builder_version=&#8220;4.27.4&#8243; _module_preset=&#8220;default&#8220; hover_enabled=&#8220;0&#8243; global_colors_info=&#8220;{}&#8220; sticky_enabled=&#8220;0&#8243;][\/et_pb_video][\/et_pb_column][\/et_pb_row][\/et_pb_section]<\/p>\n","protected":false},"excerpt":{"rendered":"<p>Online p\u0159enosBrno | 30. &#8211; 31. \u0159\u00edjna 20251. DEN KONFERENCEOnline p\u0159enos prob\u00edhal 30. 10. 2025 v \u010dase od 10:00 do 17:302. DEN KONFERENCEOnline p\u0159enos prob\u00edhal 31. 10. 2025 v \u010dase od 9:30 do 15:00<\/p>\n","protected":false},"author":3,"featured_media":0,"parent":0,"menu_order":0,"comment_status":"closed","ping_status":"closed","template":"","meta":{"_et_pb_use_builder":"on","_et_pb_old_content":"","_et_gb_content_width":"","footnotes":""},"folder":[],"class_list":["post-4100","page","type-page","status-publish","hentry"],"_links":{"self":[{"href":"https:\/\/inspirujmese.eu\/cs\/wp-json\/wp\/v2\/pages\/4100","targetHints":{"allow":["GET"]}}],"collection":[{"href":"https:\/\/inspirujmese.eu\/cs\/wp-json\/wp\/v2\/pages"}],"about":[{"href":"https:\/\/inspirujmese.eu\/cs\/wp-json\/wp\/v2\/types\/page"}],"author":[{"embeddable":true,"href":"https:\/\/inspirujmese.eu\/cs\/wp-json\/wp\/v2\/users\/3"}],"replies":[{"embeddable":true,"href":"https:\/\/inspirujmese.eu\/cs\/wp-json\/wp\/v2\/comments?post=4100"}],"version-history":[{"count":11,"href":"https:\/\/inspirujmese.eu\/cs\/wp-json\/wp\/v2\/pages\/4100\/revisions"}],"predecessor-version":[{"id":4430,"href":"https:\/\/inspirujmese.eu\/cs\/wp-json\/wp\/v2\/pages\/4100\/revisions\/4430"}],"wp:attachment":[{"href":"https:\/\/inspirujmese.eu\/cs\/wp-json\/wp\/v2\/media?parent=4100"}],"wp:term":[{"taxonomy":"folder","embeddable":true,"href":"https:\/\/inspirujmese.eu\/cs\/wp-json\/wp\/v2\/folder?post=4100"}],"curies":[{"name":"wp","href":"https:\/\/api.w.org\/{rel}","templated":true}]}}