{"id":669,"date":"2024-06-05T11:16:17","date_gmt":"2024-06-05T09:16:17","guid":{"rendered":"https:\/\/inspirujmese.eu\/cs\/?page_id=669"},"modified":"2025-04-17T09:11:21","modified_gmt":"2025-04-17T07:11:21","slug":"kontakty","status":"publish","type":"page","link":"https:\/\/inspirujmese.eu\/cs\/kontakty\/","title":{"rendered":"Kontakty"},"content":{"rendered":"<p>[et_pb_section fb_built=&#8220;1&#8243; admin_label=&#8220;Header&#8220; _builder_version=&#8220;4.25.1&#8243; _module_preset=&#8220;default&#8220; background_color=&#8220;RGBA(255,255,255,0)&#8220; background_image=&#8220;https:\/\/inspirujmese.eu\/wp-content\/uploads\/2024\/06\/kontakt.webp&#8220; background_size=&#8220;initial&#8220; background_position=&#8220;center_right&#8220; background_horizontal_offset=&#8220;1%&#8220; custom_padding=&#8220;3vh||||false|false&#8220; background_last_edited=&#8220;on|desktop&#8220; background_enable_image_tablet=&#8220;off&#8220; background_enable_image_phone=&#8220;off&#8220; background_size_tablet=&#8220;custom&#8220; background_image_width_tablet=&#8220;20%&#8220; collapsed=&#8220;on&#8220; global_colors_info=&#8220;{}&#8220;][et_pb_row _builder_version=&#8220;4.25.1&#8243; _module_preset=&#8220;default&#8220; global_colors_info=&#8220;{}&#8220;][et_pb_column type=&#8220;4_4&#8243; _builder_version=&#8220;4.17.4&#8243; _module_preset=&#8220;default&#8220; global_colors_info=&#8220;{}&#8220;][et_pb_text _builder_version=&#8220;4.25.1&#8243; _module_preset=&#8220;c16985e1-e0d6-4022-964d-e2bfc04fa633&#8243; text_text_color=&#8220;#FFFFFF&#8220; header_font=&#8220;Krona One||||||||&#8220; header_text_color=&#8220;#FFFFFF&#8220; header_font_size=&#8220;72px&#8220; header_line_height=&#8220;1.2em&#8220; header_font_size_tablet=&#8220;40px&#8220; header_font_size_phone=&#8220;24px&#8220; header_font_size_last_edited=&#8220;on|desktop&#8220; global_colors_info=&#8220;{}&#8220;]<\/p>\n<h1>Kontakty<\/h1>\n<p>[\/et_pb_text][et_pb_text _builder_version=&#8220;4.27.4&#8243; _module_preset=&#8220;4827deed-2a92-4d97-a22f-f01067ae6873&#8243; header_font=&#8220;||||||||&#8220; header_text_color=&#8220;#FFFFFF&#8220; header_4_font=&#8220;Krona One||||||||&#8220; header_4_text_color=&#8220;#FFFFFF&#8220; header_4_line_height=&#8220;1.55em&#8220; custom_margin=&#8220;||0px||false|false&#8220; hover_enabled=&#8220;0&#8243; header_4_font_size_tablet=&#8220;16px&#8220; header_4_font_size_phone=&#8220;14px&#8220; header_4_font_size_last_edited=&#8220;on|tablet&#8220; content_sk_sk=&#8220;<\/p>\n<h4>Brno | 30. &#8211; 31. okt\u00f3ber 2025<\/h4>\n<p>&#8220; locked=&#8220;off&#8220; global_colors_info=&#8220;{}&#8220; sticky_enabled=&#8220;0&#8243;]<\/p>\n<h4>Brno | 30. &#8211; 31. \u0159\u00edjna 2025<\/h4>\n<p>[\/et_pb_text][\/et_pb_column][\/et_pb_row][\/et_pb_section][et_pb_section fb_built=&#8220;1&#8243; _builder_version=&#8220;4.25.1&#8243; _module_preset=&#8220;default&#8220; background_color=&#8220;rgba(255,255,255,0.69)&#8220; custom_padding=&#8220;||||false|false&#8220; global_colors_info=&#8220;{}&#8220;][et_pb_row column_structure=&#8220;2_5,3_5&#8243; _builder_version=&#8220;4.25.1&#8243; _module_preset=&#8220;default&#8220; background_color=&#8220;#FFFFFF&#8220; border_width_all=&#8220;32px&#8220; border_color_all=&#8220;#FFFFFF&#8220; global_colors_info=&#8220;{}&#8220;][et_pb_column type=&#8220;2_5&#8243; _builder_version=&#8220;4.25.1&#8243; _module_preset=&#8220;default&#8220; global_colors_info=&#8220;{}&#8220;][et_pb_text _builder_version=&#8220;4.25.1&#8243; _module_preset=&#8220;default&#8220; header_text_align=&#8220;right&#8220; header_text_color=&#8220;#000000&#8243; custom_margin=&#8220;8%||||false|false&#8220; custom_margin_tablet=&#8220;0%||||false|false&#8220; custom_margin_phone=&#8220;0px||||false|false&#8220; custom_margin_last_edited=&#8220;on|tablet&#8220; header_text_align_tablet=&#8220;center&#8220; header_text_align_phone=&#8220;center&#8220; header_text_align_last_edited=&#8220;on|phone&#8220; header_font_size_tablet=&#8220;30px&#8220; header_font_size_phone=&#8220;18px&#8220; header_font_size_last_edited=&#8220;on|phone&#8220; module_alignment_last_edited=&#8220;off|tablet&#8220; global_colors_info=&#8220;{}&#8220;]<\/p>\n<h1><span>\u010cesk\u00e1 informa\u010dn\u00ed agentura \u017eivotn\u00edho prost\u0159ed\u00ed<\/span><\/h1>\n<p>[\/et_pb_text][et_pb_text _builder_version=&#8220;4.27.3&#8243; _module_preset=&#8220;default&#8220; text_text_color=&#8220;#000000&#8243; text_orientation=&#8220;right&#8220; text_font_size_tablet=&#8220;20px&#8220; text_font_size_phone=&#8220;12px&#8220; text_font_size_last_edited=&#8220;on|phone&#8220; text_orientation_tablet=&#8220;center&#8220; text_orientation_phone=&#8220;center&#8220; text_orientation_last_edited=&#8220;on|tablet&#8220; global_colors_info=&#8220;{}&#8220;]<\/p>\n<p><span>Moskevsk\u00e1 1523\/63<br \/>101 00 Praha 10<\/span><\/p>\n<p><span>inspire@cenia.gov.cz<\/span><\/p>\n<p><span>tel.: + 420 797 872 011<\/span><\/p>\n<p>[\/et_pb_text][et_pb_text _builder_version=&#8220;4.25.1&#8243; _module_preset=&#8220;default&#8220; text_font=&#8220;Elegant Icon Fonts||||||||&#8220; text_font_size=&#8220;30px&#8220; text_orientation=&#8220;right&#8220; text_orientation_tablet=&#8220;center&#8220; text_orientation_phone=&#8220;center&#8220; text_orientation_last_edited=&#8220;on|desktop&#8220; global_colors_info=&#8220;{}&#8220;]<a href=\"mailto:info@inspire.cz\" target=\"_blank\" rel=\"noopener\"><span class=\"et-pb-icon\" style=\"font-size: 30px;\">&#xe010;<\/span><\/a>&nbsp;<a href=\"https:\/\/www.cenia.cz\/#aktuality_\" target=\"_blank\" rel=\"noopener\"><span class=\"et-pb-icon\" style=\"font-size: 30px;\">&#xe0e3;<\/span><\/a>&nbsp;<a href=\"https:\/\/mapy.cz\/s\/pegarohalo\" target=\"_blank\" rel=\"noopener\"><span class=\"et-pb-icon\" style=\"font-size: 30px;\">&#xe01d;<\/span><\/a>&nbsp;<a href=\"https:\/\/www.facebook.com\/ENVIDATA\/\" target=\"_blank\" rel=\"noopener\"><span class=\"et-pb-icon\" style=\"font-size: 30px;\">&#xe0aa;<\/span><\/a>[\/et_pb_text][\/et_pb_column][et_pb_column type=&#8220;3_5&#8243; _builder_version=&#8220;4.25.1&#8243; _module_preset=&#8220;default&#8220; global_colors_info=&#8220;{}&#8220;][et_pb_image src=&#8220;https:\/\/inspirujmese.eu\/wp-content\/uploads\/2024\/06\/kontakt_cenia.webp&#8220; alt=&#8220;Logo CENIA&#8220; url=&#8220;https:\/\/www.cenia.cz\/&#8220; url_new_window=&#8220;on&#8220; align=&#8220;center&#8220; _builder_version=&#8220;4.25.2&#8243; _module_preset=&#8220;default&#8220; background_enable_image=&#8220;off&#8220; height=&#8220;400px&#8220; height_tablet=&#8220;400px&#8220; height_phone=&#8220;&#8220; height_last_edited=&#8220;on|tablet&#8220; global_colors_info=&#8220;{}&#8220;][\/et_pb_image][\/et_pb_column][\/et_pb_row][et_pb_row column_structure=&#8220;3_5,2_5&#8243; _builder_version=&#8220;4.25.1&#8243; _module_preset=&#8220;default&#8220; background_color=&#8220;#FFFFFF&#8220; border_width_all=&#8220;32px&#8220; border_color_all=&#8220;#FFFFFF&#8220; global_colors_info=&#8220;{}&#8220;][et_pb_column type=&#8220;3_5&#8243; _builder_version=&#8220;4.25.1&#8243; _module_preset=&#8220;default&#8220; global_colors_info=&#8220;{}&#8220;][et_pb_image src=&#8220;https:\/\/inspirujmese.eu\/wp-content\/uploads\/2024\/06\/kontakt_mzp_sk.webp&#8220; alt=&#8220;Logo Ministrstva \u017eivotn\u00e9ho prostredia Slovenskej republiky&#8220; url=&#8220;http:\/\/www.minzp.sk\/&#8220; url_new_window=&#8220;on&#8220; align=&#8220;center&#8220; _builder_version=&#8220;4.25.2&#8243; _module_preset=&#8220;default&#8220; background_enable_image=&#8220;off&#8220; height=&#8220;400px&#8220; height_tablet=&#8220;400px&#8220; height_phone=&#8220;&#8220; height_last_edited=&#8220;on|tablet&#8220; global_colors_info=&#8220;{}&#8220;][\/et_pb_image][\/et_pb_column][et_pb_column type=&#8220;2_5&#8243; _builder_version=&#8220;4.25.1&#8243; _module_preset=&#8220;default&#8220; global_colors_info=&#8220;{}&#8220;][et_pb_text _builder_version=&#8220;4.25.1&#8243; _module_preset=&#8220;default&#8220; header_text_align=&#8220;left&#8220; header_text_color=&#8220;#000000&#8243; custom_margin=&#8220;8%||||false|false&#8220; custom_margin_tablet=&#8220;0%||||false|false&#8220; custom_margin_phone=&#8220;0px||||false|false&#8220; custom_margin_last_edited=&#8220;on|tablet&#8220; header_text_align_tablet=&#8220;center&#8220; header_text_align_phone=&#8220;center&#8220; header_text_align_last_edited=&#8220;on|tablet&#8220; header_font_size_tablet=&#8220;30px&#8220; header_font_size_phone=&#8220;18px&#8220; header_font_size_last_edited=&#8220;on|phone&#8220; module_alignment_last_edited=&#8220;off|tablet&#8220; global_colors_info=&#8220;{}&#8220;]<\/p>\n<h1><span>Ministerstvo \u017eivotn\u00e9ho prostredia<\/span><br \/><span>Slovenskej republiky<\/span><\/h1>\n<p>[\/et_pb_text][et_pb_text _builder_version=&#8220;4.25.1&#8243; _module_preset=&#8220;default&#8220; text_text_color=&#8220;#000000&#8243; text_font_size_tablet=&#8220;20px&#8220; text_font_size_phone=&#8220;12px&#8220; text_font_size_last_edited=&#8220;on|phone&#8220; text_orientation_tablet=&#8220;center&#8220; text_orientation_phone=&#8220;center&#8220; text_orientation_last_edited=&#8220;on|tablet&#8220; global_colors_info=&#8220;{}&#8220;]<\/p>\n<p><span>N\u00e1m. L\u2018. \u0160t\u00fara 1<\/span><br \/><span>812 35 Bratislava<\/span><span><\/span><\/p>\n<p><span>inspire@enviro.gov.sk<\/span><\/p>\n<p><span>tel.: +421 48 4374 523<\/span><\/p>\n<p>[\/et_pb_text][et_pb_text _builder_version=&#8220;4.25.1&#8243; _module_preset=&#8220;default&#8220; text_font=&#8220;Elegant Icon Fonts||||||||&#8220; text_font_size=&#8220;30px&#8220; text_orientation_tablet=&#8220;center&#8220; text_orientation_phone=&#8220;center&#8220; text_orientation_last_edited=&#8220;on|desktop&#8220; global_colors_info=&#8220;{}&#8220;]<a href=\"mailto:inspire@enviro.gov.sk\" target=\"_blank\" rel=\"noopener\"><span class=\"et-pb-icon\" style=\"font-size: 30px;\">&#xe010;<\/span><\/a>&nbsp;<a href=\"http:\/\/www.minzp.sk\/\" target=\"_blank\" rel=\"noopener\"><span class=\"et-pb-icon\" style=\"font-size: 30px;\">&#xe0e3;<\/span><\/a>&nbsp;<a href=\"https:\/\/mapy.cz\/s\/lurejepaju\" target=\"_blank\" rel=\"noopener\"><span class=\"et-pb-icon\" style=\"font-size: 30px;\">&#xe01d;<\/span><\/a>&nbsp;<a href=\"https:\/\/www.facebook.com\/mzpsr\" target=\"_blank\" rel=\"noopener\"><span class=\"et-pb-icon\" style=\"font-size: 30px;\">&#xe0aa;<\/span><\/a>[\/et_pb_text][\/et_pb_column][\/et_pb_row][\/et_pb_section]<\/p>\n","protected":false},"excerpt":{"rendered":"<p>KontaktyBrno | 30. &#8211; 31. \u0159\u00edjna 2025\u010cesk\u00e1 informa\u010dn\u00ed agentura \u017eivotn\u00edho prost\u0159ed\u00edMoskevsk\u00e1 1523\/63101 00 Praha 10 inspire@cenia.gov.cz tel.: + 420 797 872 011&#xe010;&nbsp;&#xe0e3;&nbsp;&#xe01d;&nbsp;&#xe0aa;Ministerstvo \u017eivotn\u00e9ho prostrediaSlovenskej republikyN\u00e1m. L\u2018. \u0160t\u00fara 1812 35 Bratislava inspire@enviro.gov.sk tel.: +421 48 4374 523&#xe010;&nbsp;&#xe0e3;&nbsp;&#xe01d;&nbsp;&#xe0aa;<\/p>\n","protected":false},"author":3,"featured_media":0,"parent":0,"menu_order":0,"comment_status":"closed","ping_status":"closed","template":"","meta":{"_et_pb_use_builder":"on","_et_pb_old_content":"","_et_gb_content_width":"","footnotes":""},"folder":[],"class_list":["post-669","page","type-page","status-publish","hentry"],"_links":{"self":[{"href":"https:\/\/inspirujmese.eu\/cs\/wp-json\/wp\/v2\/pages\/669","targetHints":{"allow":["GET"]}}],"collection":[{"href":"https:\/\/inspirujmese.eu\/cs\/wp-json\/wp\/v2\/pages"}],"about":[{"href":"https:\/\/inspirujmese.eu\/cs\/wp-json\/wp\/v2\/types\/page"}],"author":[{"embeddable":true,"href":"https:\/\/inspirujmese.eu\/cs\/wp-json\/wp\/v2\/users\/3"}],"replies":[{"embeddable":true,"href":"https:\/\/inspirujmese.eu\/cs\/wp-json\/wp\/v2\/comments?post=669"}],"version-history":[{"count":54,"href":"https:\/\/inspirujmese.eu\/cs\/wp-json\/wp\/v2\/pages\/669\/revisions"}],"predecessor-version":[{"id":2655,"href":"https:\/\/inspirujmese.eu\/cs\/wp-json\/wp\/v2\/pages\/669\/revisions\/2655"}],"wp:attachment":[{"href":"https:\/\/inspirujmese.eu\/cs\/wp-json\/wp\/v2\/media?parent=669"}],"wp:term":[{"taxonomy":"folder","embeddable":true,"href":"https:\/\/inspirujmese.eu\/cs\/wp-json\/wp\/v2\/folder?post=669"}],"curies":[{"name":"wp","href":"https:\/\/api.w.org\/{rel}","templated":true}]}}