{"id":222,"date":"2024-05-29T13:29:40","date_gmt":"2024-05-29T11:29:40","guid":{"rendered":"https:\/\/inspirujmese.eu\/cs\/?page_id=222"},"modified":"2025-06-05T09:33:51","modified_gmt":"2025-06-05T07:33:51","slug":"registrace","status":"publish","type":"page","link":"https:\/\/inspirujmese.eu\/sk\/registrace\/","title":{"rendered":"Registrace"},"content":{"rendered":"<p>[et_pb_section fb_built=&#8220;1&#8243; admin_label=&#8220;Header&#8220; _builder_version=&#8220;4.25.1&#8243; _module_preset=&#8220;default&#8220; background_color=&#8220;RGBA(255,255,255,0)&#8220; background_image=&#8220;https:\/\/inspirujmese.eu\/wp-content\/uploads\/2024\/06\/info_registrace.webp&#8220; background_size=&#8220;initial&#8220; background_position=&#8220;center_right&#8220; background_horizontal_offset=&#8220;1%&#8220; custom_padding=&#8220;3vh||||false|false&#8220; background_color_tablet=&#8220;RGBA(255,255,255,0)&#8220; background_color_phone=&#8220;RGBA(255,255,255,0)&#8220; background_last_edited=&#8220;on|desktop&#8220; background_enable_color_tablet=&#8220;on&#8220; background_enable_color_phone=&#8220;on&#8220; background_enable_image_tablet=&#8220;off&#8220; background_size_tablet=&#8220;custom&#8220; background_image_width_tablet=&#8220;20%&#8220; collapsed=&#8220;on&#8220; global_colors_info=&#8220;{}&#8220;][et_pb_row admin_label=&#8220;\u0158\u00e1dek&#8220; _builder_version=&#8220;4.25.1&#8243; _module_preset=&#8220;default&#8220; global_colors_info=&#8220;{}&#8220;][et_pb_column type=&#8220;4_4&#8243; admin_label=&#8220;Sloupec&#8220; _builder_version=&#8220;4.17.4&#8243; _module_preset=&#8220;default&#8220; global_colors_info=&#8220;{}&#8220;][et_pb_text _builder_version=&#8220;4.25.1&#8243; _module_preset=&#8220;c16985e1-e0d6-4022-964d-e2bfc04fa633&#8243; text_text_color=&#8220;#FFFFFF&#8220; header_font=&#8220;Krona One||||||||&#8220; header_text_color=&#8220;#FFFFFF&#8220; header_font_size=&#8220;72px&#8220; header_line_height=&#8220;1.2em&#8220; header_font_size_tablet=&#8220;40px&#8220; header_font_size_phone=&#8220;24px&#8220; header_font_size_last_edited=&#8220;on|desktop&#8220; content_sk_sk=&#8220;<\/p>\n<h1>Registr\u00e1cia<\/h1>\n<p>&#8220; global_colors_info=&#8220;{}&#8220;]<\/p>\n<h1>Registrace<\/h1>\n<p>[\/et_pb_text][et_pb_text admin_label=&#8220;Text&#8220; _builder_version=&#8220;4.27.4&#8243; _module_preset=&#8220;4827deed-2a92-4d97-a22f-f01067ae6873&#8243; header_font=&#8220;||||||||&#8220; header_text_color=&#8220;#FFFFFF&#8220; header_4_font=&#8220;Krona One||||||||&#8220; header_4_text_color=&#8220;#FFFFFF&#8220; header_4_line_height=&#8220;1.55em&#8220; custom_margin=&#8220;||0px||false|false&#8220; custom_padding=&#8220;6px|||||&#8220; header_4_font_size_tablet=&#8220;16px&#8220; header_4_font_size_phone=&#8220;14px&#8220; header_4_font_size_last_edited=&#8220;on|tablet&#8220; content_sk_sk=&#8220;<\/p>\n<h4>Brno | 30. &#8211; 31. okt\u00f3ber 2025<\/h4>\n<p>&#8220; locked=&#8220;off&#8220; global_colors_info=&#8220;{}&#8220;]<\/p>\n<h4>Brno | 30. &#8211; 31. \u0159\u00edjna 2025<\/h4>\n<p>[\/et_pb_text][et_pb_text _builder_version=&#8220;4.27.3&#8243; _module_preset=&#8220;default&#8220; header_4_font=&#8220;Krona One||||||||&#8220; header_4_text_color=&#8220;#FFFFFF&#8220; header_4_font_size=&#8220;15px&#8220; header_4_line_height=&#8220;1.3em&#8220; custom_margin=&#8220;20px||||false|false&#8220; custom_padding=&#8220;||2px|||&#8220; content_sk_sk=&#8220;<\/p>\n<h4><span>Ka\u017ed\u00fd \u00fa\u010dastn\u00edk podujatia, vr\u00e1tane pozvan\u00fdch predn\u00e1\u0161aj\u00facich, host\u00ed, alebo sponzorov, mus\u00ed by\u0165 zaregistrovan\u00fd prostredn\u00edctvom registra\u010dn\u00e9ho formul\u00e1ra. <\/span>\u00da\u010das\u0165 na podujat\u00ed je pre v\u0161etk\u00fdch registrovan\u00fdch bezplatn\u00e1.<\/h4>\n<\/p>\n<h4>Ak po zaregistrovan\u00ed zist\u00edte, \u017ee sa nebudete m\u00f4c\u0165 z\u00fa\u010dastni\u0165, kontaktujte pros\u00edm v\u010das organiz\u00e1torov na inspire@cenia.gov.cz alebo inspire@enviro.gov.sk. Kapacita podujatia je obmedzen\u00e1, Va\u0161e miesto m\u00f4\u017eeme pon\u00faknu\u0165 \u010fal\u0161\u00edm z\u00e1ujemcom.<\/h4>\n<p>&#8220; global_colors_info=&#8220;{}&#8220;]<\/p>\n<h4><span>Ka\u017ed\u00fd \u00fa\u010dastn\u00edk akce, v\u010detn\u011b pozvan\u00fdch p\u0159edn\u00e1\u0161ej\u00edc\u00edch, host\u016f a sponzor\u016f, mus\u00ed b\u00fdt zaregistrovan\u00fd prost\u0159ednictv\u00edm registra\u010dn\u00edho formul\u00e1\u0159e. <\/span>\u00da\u010dast na akci je pro v\u0161echny registrovan\u00e9 bezplatn\u00e1.<\/h4>\n<p>&nbsp;<\/p>\n<h4>Pokud po zaregistrov\u00e1n\u00ed zjist\u00edte, \u017ee se nebudete moci z\u00fa\u010dastnit, kontaktujte pros\u00edm v\u010das organiz\u00e1tory na inspire@cenia.gov.cz nebo inspire@enviro.gov.sk. Kapacita akce je omezen\u00e1 a Va\u0161e m\u00edsto m\u016f\u017eeme nab\u00eddnout jin\u00fdm z\u00e1jemc\u016fm.<\/h4>\n<p>[\/et_pb_text][\/et_pb_column][\/et_pb_row][\/et_pb_section][et_pb_section fb_built=&#8220;1&#8243; _builder_version=&#8220;4.25.2&#8243; _module_preset=&#8220;default&#8220; background_color=&#8220;RGBA(255,255,255,0)&#8220; background_image=&#8220;https:\/\/inspirujmese.eu\/wp-content\/uploads\/2024\/06\/pozadi_registrace_2_prechod.webp&#8220; background_position=&#8220;center_left&#8220; custom_padding=&#8220;||||false|false&#8220; global_colors_info=&#8220;{}&#8220;][et_pb_row admin_label=&#8220;\u0158\u00e1dek&#8220; _builder_version=&#8220;4.25.1&#8243; _module_preset=&#8220;default&#8220; background_enable_color=&#8220;off&#8220; custom_margin=&#8220;||||false|false&#8220; border_radii=&#8220;on|10px|10px|10px|10px&#8220; global_colors_info=&#8220;{}&#8220;][et_pb_column type=&#8220;4_4&#8243; admin_label=&#8220;Sloupec&#8220; _builder_version=&#8220;4.25.1&#8243; _module_preset=&#8220;default&#8220; background_color=&#8220;#FFFFFF&#8220; global_colors_info=&#8220;{}&#8220;][et_pb_text _builder_version=&#8220;4.27.4&#8243; _module_preset=&#8220;default&#8220; width=&#8220;90%&#8220; module_alignment=&#8220;center&#8220; custom_padding=&#8220;30px||30px||false|false&#8220; hover_enabled=&#8220;0&#8243; content_sk_sk=&#8220;<\/p>\n<p>%91everest_form id=%222673%22%93 <\/p>\n<p>&#8220; global_colors_info=&#8220;{}&#8220; sticky_enabled=&#8220;0&#8243;]<\/p>\n<div class=\"everest-forms\"><p class=\"everst-forms-form-disable-notice everest-forms-notice everest-forms-notice--info\">Registrace bude zah\u00e1jena 5.6.2025.<\/p><\/div>\n<p>[\/et_pb_text][\/et_pb_column][\/et_pb_row][\/et_pb_section]<\/p>\n","protected":false},"excerpt":{"rendered":"<p>RegistraceBrno | 30. &#8211; 31. \u0159\u00edjna 2025Ka\u017ed\u00fd \u00fa\u010dastn\u00edk akce, v\u010detn\u011b pozvan\u00fdch p\u0159edn\u00e1\u0161ej\u00edc\u00edch, host\u016f a sponzor\u016f, mus\u00ed b\u00fdt zaregistrovan\u00fd prost\u0159ednictv\u00edm registra\u010dn\u00edho formul\u00e1\u0159e. \u00da\u010dast na akci je pro v\u0161echny registrovan\u00e9 bezplatn\u00e1. &nbsp; Pokud po zaregistrov\u00e1n\u00ed zjist\u00edte, \u017ee se nebudete moci z\u00fa\u010dastnit, kontaktujte pros\u00edm v\u010das organiz\u00e1tory na inspire@cenia.gov.cz nebo inspire@enviro.gov.sk. Kapacita akce je omezen\u00e1 a Va\u0161e m\u00edsto m\u016f\u017eeme [&hellip;]<\/p>\n","protected":false},"author":3,"featured_media":0,"parent":0,"menu_order":0,"comment_status":"closed","ping_status":"closed","template":"","meta":{"_et_pb_use_builder":"on","_et_pb_old_content":"","_et_gb_content_width":"","footnotes":""},"folder":[],"class_list":["post-222","page","type-page","status-publish","hentry"],"_links":{"self":[{"href":"https:\/\/inspirujmese.eu\/sk\/wp-json\/wp\/v2\/pages\/222","targetHints":{"allow":["GET"]}}],"collection":[{"href":"https:\/\/inspirujmese.eu\/sk\/wp-json\/wp\/v2\/pages"}],"about":[{"href":"https:\/\/inspirujmese.eu\/sk\/wp-json\/wp\/v2\/types\/page"}],"author":[{"embeddable":true,"href":"https:\/\/inspirujmese.eu\/sk\/wp-json\/wp\/v2\/users\/3"}],"replies":[{"embeddable":true,"href":"https:\/\/inspirujmese.eu\/sk\/wp-json\/wp\/v2\/comments?post=222"}],"version-history":[{"count":117,"href":"https:\/\/inspirujmese.eu\/sk\/wp-json\/wp\/v2\/pages\/222\/revisions"}],"predecessor-version":[{"id":2693,"href":"https:\/\/inspirujmese.eu\/sk\/wp-json\/wp\/v2\/pages\/222\/revisions\/2693"}],"wp:attachment":[{"href":"https:\/\/inspirujmese.eu\/sk\/wp-json\/wp\/v2\/media?parent=222"}],"wp:term":[{"taxonomy":"folder","embeddable":true,"href":"https:\/\/inspirujmese.eu\/sk\/wp-json\/wp\/v2\/folder?post=222"}],"curies":[{"name":"wp","href":"https:\/\/api.w.org\/{rel}","templated":true}]}}